{"id":3285,"date":"2021-05-07T09:49:03","date_gmt":"2021-05-07T09:49:03","guid":{"rendered":"https:\/\/konte.uix.store\/?post_type=product&#038;p=3285"},"modified":"2021-12-01T22:46:46","modified_gmt":"2021-12-01T22:46:46","slug":"door-windows-sensor","status":"publish","type":"product","link":"https:\/\/www.smart-life.ma\/ar\/product\/door-windows-sensor\/","title":{"rendered":"\u0645\u0633\u062a\u0634\u0639\u0631 \u0627\u0644\u0628\u0627\u0628\/\u0627\u0644\u0646\u0627\u0641\u0630\u0629"},"content":{"rendered":"<p>Le capteur de s\u00e9curit\u00e9 pour porte\/fen\u00eatre Wi-Fi est con\u00e7u sp\u00e9cialement pour faciliter la vie. Le d\u00e9tecteur de porte\/fen\u00eatre WIFI peut d\u00e9tecter l\u2019ouverture et la fermeture des portes, fen\u00eatres, garages, remises, placards et armoires. Facile \u00e0 installer et \u00e0 param\u00e9trer avec des contacts magn\u00e9tiques.<\/p>\n<p>Ces d\u00e9tecteurs intelligents de porte\/fen\u00eatre WIFI vous enverront une notification automatique par message push sur votre appareil mobile iOS ou Android lorsque les d\u00e9tecteurs sont d\u00e9clench\u00e9s. Vous obtenez ainsi une tranquillit\u00e9 d\u2019esprit instantan\u00e9e, avec un contr\u00f4le et une s\u00e9curit\u00e9 totaux de votre maison, partout et \u00e0 tout moment.<\/p>\n<p>Ces d\u00e9tecteurs de porte\/fen\u00eatre intelligents WI-FI sont \u00e9galement compatibles avec les fonctions d\u2019Alexa Google Assistant.<\/p>\n<p>Le d\u00e9tecteur intelligent de porte\/fen\u00eatre WI-FI offre une solution de s\u00e9curit\u00e9 intelligente \u00e0 domicile s\u00fbre, s\u00e9curis\u00e9e et abordable.<\/p>\n<p>Le IK-C01 Smart WI-FI Door\/Window Sensor se connecte \u00e0 votre WIFI et \u00e0 votre t\u00e9l\u00e9phone intelligent gr\u00e2ce \u00e0 notre puissante application mobile gratuite iOS et Android.<\/p>\n<p>L\u2019application est un centre de contr\u00f4le intelligent tout-en-un, qui vous permet de relier et de contr\u00f4ler de mani\u00e8re transparente une gamme \u00e9tendue de dispositifs intelligents pouvant \u00eatre reli\u00e9s, tels que des lampes et des cam\u00e9ras. Il n\u2019est pas n\u00e9cessaire d\u2019avoir plusieurs applications stock\u00e9es sur votre t\u00e9l\u00e9phone pour contr\u00f4ler vos appareils intelligents.<\/p>\n<p>Caract\u00e9ristiques<\/p>\n<p>Messages instantan\u00e9s envoy\u00e9s \u00e0 votre Smartphone lorsque la porte\/fen\u00eatre est ouverte ou ferm\u00e9e.<br \/>\nFonctionne avec une connexion WI-FI<br \/>\nFonctionne \u00e0 l\u2019aide de notre application mobile intelligente iOS\/Android.<br \/>\nActivation par mouvement<br \/>\nAcc\u00e9dez aux notifications d\u2019entr\u00e9e et de sortie n\u2019importe o\u00f9 et \u00e0 tout moment sur votre smartphone.<br \/>\nPetit design compact<br \/>\nFacile \u00e0 installer (installation par contact magn\u00e9tique)<br \/>\nCompatible avec les fonctions d\u2019Alexa et de Google Assistant<br \/>\nFonctionne avec les param\u00e8tres de sc\u00e8ne<br \/>\nJournal des donn\u00e9es d\u2019alarme<br \/>\nFlash LED<\/p>\n<p>Convient uniquement pour une utilisation en int\u00e9rieur.<\/p>","protected":false},"excerpt":{"rendered":"<p>Le capteur de s\u00e9curit\u00e9 intelligent Wi-Fi pour porte\/fen\u00eatre est con\u00e7u sp\u00e9cifiquement pour la facilit\u00e9 de vie. Compatible avec les commandes vocales Alexa et Google Assistant.<\/p>","protected":false},"featured_media":3428,"comment_status":"open","ping_status":"closed","template":"","meta":{"inline_featured_image":false},"product_brand":[],"product_cat":[110],"product_tag":[116,115],"class_list":{"0":"post-3285","1":"product","2":"type-product","3":"status-publish","4":"has-post-thumbnail","6":"product_cat-smart-security","7":"product_tag-security","8":"product_tag-sensor","10":"first","11":"instock","12":"sale","13":"shipping-taxable","14":"purchasable","15":"product-type-simple"},"_links":{"self":[{"href":"https:\/\/www.smart-life.ma\/ar\/wp-json\/wp\/v2\/product\/3285","targetHints":{"allow":["GET"]}}],"collection":[{"href":"https:\/\/www.smart-life.ma\/ar\/wp-json\/wp\/v2\/product"}],"about":[{"href":"https:\/\/www.smart-life.ma\/ar\/wp-json\/wp\/v2\/types\/product"}],"replies":[{"embeddable":true,"href":"https:\/\/www.smart-life.ma\/ar\/wp-json\/wp\/v2\/comments?post=3285"}],"wp:featuredmedia":[{"embeddable":true,"href":"https:\/\/www.smart-life.ma\/ar\/wp-json\/wp\/v2\/media\/3428"}],"wp:attachment":[{"href":"https:\/\/www.smart-life.ma\/ar\/wp-json\/wp\/v2\/media?parent=3285"}],"wp:term":[{"taxonomy":"product_brand","embeddable":true,"href":"https:\/\/www.smart-life.ma\/ar\/wp-json\/wp\/v2\/product_brand?post=3285"},{"taxonomy":"product_cat","embeddable":true,"href":"https:\/\/www.smart-life.ma\/ar\/wp-json\/wp\/v2\/product_cat?post=3285"},{"taxonomy":"product_tag","embeddable":true,"href":"https:\/\/www.smart-life.ma\/ar\/wp-json\/wp\/v2\/product_tag?post=3285"}],"curies":[{"name":"wp","href":"https:\/\/api.w.org\/{rel}","templated":true}]}}