{"id":3275,"date":"2021-05-07T09:49:02","date_gmt":"2021-05-07T09:49:02","guid":{"rendered":"https:\/\/konte.uix.store\/?post_type=product&#038;p=3275"},"modified":"2025-11-06T15:34:58","modified_gmt":"2025-11-06T15:34:58","slug":"smart-lock-j1","status":"publish","type":"product","link":"https:\/\/www.smart-life.ma\/fr\/produit\/smart-lock-j1\/","title":{"rendered":"Serrure intelligente J1"},"content":{"rendered":"<p><big>Serrure de porte intelligente J1<\/big><\/p>\n<p>High Security, Stainless Steel Body Smart Door Lock with Wi-Fi connectivity. This advanced intelligent door lock secures your home and provides you with remote access to control entry into your property from anywhere in the world. Share access, set permissions, access schedules, timing, entry logs and dynamic one time passes. 5 ways to open and close your door using our App, Keys, Pin Code, Fingerprint & Card. Our Smart Wi-Fi Door lock is also compatible with Alexa & Google Assistant voice commands.<\/p>\n<p>D\u00e9verrouillez votre porte en\u00a0:<br \/>\n- Mot de passe<br \/>\n\u2013 Carte RFID<br \/>\n- Empreinte digitale<br \/>\n\u2013 Application intelligente<br \/>\n\u2013 G\u00e9n\u00e9rer un OTP invit\u00e9<br \/>\n\u2013 Cl\u00e9 Traditionnelle<\/p>\n<p>Couleurs disponibles:<br \/>\n\u2013 Bronze, Noir<\/p>","protected":false},"excerpt":{"rendered":"<p>La serrure de porte intelligente J1 vous permet de faire fonctionner votre maison depuis n&#039;importe o\u00f9 dans le monde\u00a0! D\u00e9verrouillez votre porte par \u2013 Mot de passe \u2013 Carte RFID \u2013 Empreinte digitale \u2013 Application intelligente \u2013 G\u00e9n\u00e9rer un OTP invit\u00e9.<\/p>","protected":false},"featured_media":3424,"comment_status":"open","ping_status":"closed","template":"","meta":{"inline_featured_image":false},"product_brand":[],"product_cat":[31],"product_tag":[113,112,114],"class_list":{"0":"post-3275","1":"product","2":"type-product","3":"status-publish","4":"has-post-thumbnail","6":"product_cat-smart-locks","7":"product_tag-fingerprint","8":"product_tag-lock","9":"product_tag-rfid","11":"first","12":"instock","13":"sale","14":"shipping-taxable","15":"purchasable","16":"product-type-variable","17":"has-default-attributes"},"_links":{"self":[{"href":"https:\/\/www.smart-life.ma\/fr\/wp-json\/wp\/v2\/product\/3275","targetHints":{"allow":["GET"]}}],"collection":[{"href":"https:\/\/www.smart-life.ma\/fr\/wp-json\/wp\/v2\/product"}],"about":[{"href":"https:\/\/www.smart-life.ma\/fr\/wp-json\/wp\/v2\/types\/product"}],"replies":[{"embeddable":true,"href":"https:\/\/www.smart-life.ma\/fr\/wp-json\/wp\/v2\/comments?post=3275"}],"wp:featuredmedia":[{"embeddable":true,"href":"https:\/\/www.smart-life.ma\/fr\/wp-json\/wp\/v2\/media\/3424"}],"wp:attachment":[{"href":"https:\/\/www.smart-life.ma\/fr\/wp-json\/wp\/v2\/media?parent=3275"}],"wp:term":[{"taxonomy":"product_brand","embeddable":true,"href":"https:\/\/www.smart-life.ma\/fr\/wp-json\/wp\/v2\/product_brand?post=3275"},{"taxonomy":"product_cat","embeddable":true,"href":"https:\/\/www.smart-life.ma\/fr\/wp-json\/wp\/v2\/product_cat?post=3275"},{"taxonomy":"product_tag","embeddable":true,"href":"https:\/\/www.smart-life.ma\/fr\/wp-json\/wp\/v2\/product_tag?post=3275"}],"curies":[{"name":"wp","href":"https:\/\/api.w.org\/{rel}","templated":true}]}}