{"id":3830,"date":"2021-12-26T23:21:38","date_gmt":"2021-12-26T23:21:38","guid":{"rendered":"https:\/\/www.smart-life.ma\/?post_type=product&#038;p=3830"},"modified":"2024-02-10T09:10:27","modified_gmt":"2024-02-10T09:10:27","slug":"fast-charger-socket","status":"publish","type":"product","link":"https:\/\/www.smart-life.ma\/fr\/produit\/fast-charger-socket\/","title":{"rendered":"Prise chargeur rapide"},"content":{"rendered":"","protected":false},"excerpt":{"rendered":"<p>Ajoutez une touche premium \u00e0 votre maison intelligente avec la prise \u00e0 chargeur rapide qui offre des ports Type-C et USB pour les t\u00e9l\u00e9phones mobiles. Le panneau de la prise est fait de verre de haute qualit\u00e9. 16A, prise europ\u00e9enne, 5V 2100mA, AC 110V-250V.<\/p>","protected":false},"featured_media":3831,"comment_status":"open","ping_status":"closed","template":"","meta":{"inline_featured_image":false},"product_brand":[],"product_cat":[117],"product_tag":[131,130,129],"class_list":{"0":"post-3830","1":"product","2":"type-product","3":"status-publish","4":"has-post-thumbnail","6":"product_cat-other","7":"product_tag-2-1a","8":"product_tag-220v","9":"product_tag-socket","11":"first","12":"instock","13":"shipping-taxable","14":"purchasable","15":"product-type-variable","16":"has-default-attributes"},"_links":{"self":[{"href":"https:\/\/www.smart-life.ma\/fr\/wp-json\/wp\/v2\/product\/3830","targetHints":{"allow":["GET"]}}],"collection":[{"href":"https:\/\/www.smart-life.ma\/fr\/wp-json\/wp\/v2\/product"}],"about":[{"href":"https:\/\/www.smart-life.ma\/fr\/wp-json\/wp\/v2\/types\/product"}],"replies":[{"embeddable":true,"href":"https:\/\/www.smart-life.ma\/fr\/wp-json\/wp\/v2\/comments?post=3830"}],"wp:featuredmedia":[{"embeddable":true,"href":"https:\/\/www.smart-life.ma\/fr\/wp-json\/wp\/v2\/media\/3831"}],"wp:attachment":[{"href":"https:\/\/www.smart-life.ma\/fr\/wp-json\/wp\/v2\/media?parent=3830"}],"wp:term":[{"taxonomy":"product_brand","embeddable":true,"href":"https:\/\/www.smart-life.ma\/fr\/wp-json\/wp\/v2\/product_brand?post=3830"},{"taxonomy":"product_cat","embeddable":true,"href":"https:\/\/www.smart-life.ma\/fr\/wp-json\/wp\/v2\/product_cat?post=3830"},{"taxonomy":"product_tag","embeddable":true,"href":"https:\/\/www.smart-life.ma\/fr\/wp-json\/wp\/v2\/product_tag?post=3830"}],"curies":[{"name":"wp","href":"https:\/\/api.w.org\/{rel}","templated":true}]}}