{"id":3849,"date":"2022-01-16T15:07:46","date_gmt":"2022-01-16T15:07:46","guid":{"rendered":"https:\/\/www.smart-life.ma\/?post_type=product&#038;p=3849"},"modified":"2024-02-10T09:10:24","modified_gmt":"2024-02-10T09:10:24","slug":"smart-lock-j10","status":"publish","type":"product","link":"https:\/\/www.smart-life.ma\/fr\/produit\/smart-lock-j10\/","title":{"rendered":"Smart Lock J10"},"content":{"rendered":"<p><big>Smart Door Lock J10<\/big><\/p>\n<p>High Security, Stainless Steel Body Smart Door Lock with Wi-Fi connectivity. This advanced intelligent door lock secures your home and provides you with remote access to control entry into your property from anywhere in the world. Share access, set permissions, access schedules, timing, entry logs and dynamic one time passes. 5 ways to open and close your door using our App, Keys, Pin Code, Fingerprint & Card and view a picture of your visitors before remote unlocking your door. Our Smart Wi-Fi Door lock is also compatible with Alexa & Google Assistant voice commands.<\/p>\n<p>D\u00e9verrouillez votre porte en\u00a0:<br \/>\n- Mot de passe<br \/>\n\u2013 Carte RFID<br \/>\n- Empreinte digitale<br \/>\n\u2013 Application intelligente<br \/>\n\u2013 G\u00e9n\u00e9rer un OTP invit\u00e9<br \/>\n\u2013 Cl\u00e9 Traditionnelle<\/p>\n<p>Couleurs disponibles:<br \/>\n\u2013 Black<\/p>","protected":false},"excerpt":{"rendered":"<p>Smart Door Lock J10 allows you to operate your home from any place around the world! Unlock your door by \u2013 Password \u2013 RFID Card \u2013 Fingerprint \u2013 Smart App \u2013 Generate Guest OTP and view a picture of your visitors before remote unlocking your door.<\/p>","protected":false},"featured_media":3852,"comment_status":"open","ping_status":"closed","template":"","meta":{"inline_featured_image":false},"product_brand":[],"product_cat":[31],"product_tag":[113,112,114],"class_list":{"0":"post-3849","1":"product","2":"type-product","3":"status-publish","4":"has-post-thumbnail","6":"product_cat-smart-locks","7":"product_tag-fingerprint","8":"product_tag-lock","9":"product_tag-rfid","11":"first","12":"outofstock","13":"shipping-taxable","14":"purchasable","15":"product-type-simple"},"_links":{"self":[{"href":"https:\/\/www.smart-life.ma\/fr\/wp-json\/wp\/v2\/product\/3849","targetHints":{"allow":["GET"]}}],"collection":[{"href":"https:\/\/www.smart-life.ma\/fr\/wp-json\/wp\/v2\/product"}],"about":[{"href":"https:\/\/www.smart-life.ma\/fr\/wp-json\/wp\/v2\/types\/product"}],"replies":[{"embeddable":true,"href":"https:\/\/www.smart-life.ma\/fr\/wp-json\/wp\/v2\/comments?post=3849"}],"wp:featuredmedia":[{"embeddable":true,"href":"https:\/\/www.smart-life.ma\/fr\/wp-json\/wp\/v2\/media\/3852"}],"wp:attachment":[{"href":"https:\/\/www.smart-life.ma\/fr\/wp-json\/wp\/v2\/media?parent=3849"}],"wp:term":[{"taxonomy":"product_brand","embeddable":true,"href":"https:\/\/www.smart-life.ma\/fr\/wp-json\/wp\/v2\/product_brand?post=3849"},{"taxonomy":"product_cat","embeddable":true,"href":"https:\/\/www.smart-life.ma\/fr\/wp-json\/wp\/v2\/product_cat?post=3849"},{"taxonomy":"product_tag","embeddable":true,"href":"https:\/\/www.smart-life.ma\/fr\/wp-json\/wp\/v2\/product_tag?post=3849"}],"curies":[{"name":"wp","href":"https:\/\/api.w.org\/{rel}","templated":true}]}}